{"id":708,"date":"2014-04-17T15:45:19","date_gmt":"2014-04-17T13:45:19","guid":{"rendered":"http:\/\/yakobo.de\/?page_id=708"},"modified":"2015-09-25T09:21:37","modified_gmt":"2015-09-25T07:21:37","slug":"eine-kleine-gabe-fuer-den-kuenstler","status":"publish","type":"page","link":"https:\/\/yakobo.de\/?page_id=708","title":{"rendered":"Eine kleine Gabe f\u00fcr den K\u00fcnstler"},"content":{"rendered":"<p>Sie hatten Kurzweil,<br \/>\nf\u00fchlen sich fr\u00f6hlich oder mental ber\u00fchrt?<br \/>\nDann w\u00fcrde ich mich \u00fcber jeden Euro freuen,<br \/>\nden Sie mir als kleines Dankesch\u00f6n entgegen bringen!<\/p>\n<p><a href=\"https:\/\/paypal.me\/yakobo\" target=\"_blank\">https:\/\/PayPal.Me\/yakobo<\/a><\/p>\n","protected":false},"excerpt":{"rendered":"<p>Sie hatten Kurzweil, f\u00fchlen sich fr\u00f6hlich oder mental ber\u00fchrt? Dann w\u00fcrde ich mich \u00fcber jeden Euro freuen, den Sie mir als kleines Dankesch\u00f6n entgegen bringen! https:\/\/PayPal.Me\/yakobo<\/p>\n","protected":false},"author":1,"featured_media":0,"parent":0,"menu_order":0,"comment_status":"open","ping_status":"open","template":"","meta":{"jetpack_post_was_ever_published":false,"footnotes":""},"tags":[],"class_list":["post-708","page","type-page","status-publish","hentry"],"yoast_head":"<!-- This site is optimized with the Yoast SEO plugin v27.4 - https:\/\/yoast.com\/product\/yoast-seo-wordpress\/ -->\n<title>Eine kleine Gabe f\u00fcr den K\u00fcnstler - yakobo.de<\/title>\n<meta name=\"robots\" content=\"index, follow, max-snippet:-1, max-image-preview:large, max-video-preview:-1\" \/>\n<link rel=\"canonical\" href=\"https:\/\/yakobo.de\/?page_id=708\" \/>\n<meta property=\"og:locale\" content=\"de_DE\" \/>\n<meta property=\"og:type\" content=\"article\" \/>\n<meta property=\"og:title\" content=\"Eine kleine Gabe f\u00fcr den K\u00fcnstler - yakobo.de\" \/>\n<meta property=\"og:description\" content=\"Sie hatten Kurzweil, f\u00fchlen sich fr\u00f6hlich oder mental ber\u00fchrt? Dann w\u00fcrde ich mich \u00fcber jeden Euro freuen, den Sie mir als kleines Dankesch\u00f6n entgegen bringen! https:\/\/PayPal.Me\/yakobo\" \/>\n<meta property=\"og:url\" content=\"https:\/\/yakobo.de\/?page_id=708\" \/>\n<meta property=\"og:site_name\" content=\"yakobo.de\" \/>\n<meta property=\"article:modified_time\" content=\"2015-09-25T07:21:37+00:00\" \/>\n<meta name=\"twitter:card\" content=\"summary_large_image\" \/>\n<script type=\"application\/ld+json\" class=\"yoast-schema-graph\">{\"@context\":\"https:\\\/\\\/schema.org\",\"@graph\":[{\"@type\":\"WebPage\",\"@id\":\"https:\\\/\\\/yakobo.de\\\/?page_id=708\",\"url\":\"https:\\\/\\\/yakobo.de\\\/?page_id=708\",\"name\":\"Eine kleine Gabe f\u00fcr den K\u00fcnstler - yakobo.de\",\"isPartOf\":{\"@id\":\"https:\\\/\\\/yakobo.de\\\/#website\"},\"datePublished\":\"2014-04-17T13:45:19+00:00\",\"dateModified\":\"2015-09-25T07:21:37+00:00\",\"breadcrumb\":{\"@id\":\"https:\\\/\\\/yakobo.de\\\/?page_id=708#breadcrumb\"},\"inLanguage\":\"de\",\"potentialAction\":[{\"@type\":\"ReadAction\",\"target\":[\"https:\\\/\\\/yakobo.de\\\/?page_id=708\"]}]},{\"@type\":\"BreadcrumbList\",\"@id\":\"https:\\\/\\\/yakobo.de\\\/?page_id=708#breadcrumb\",\"itemListElement\":[{\"@type\":\"ListItem\",\"position\":1,\"name\":\"Startseite\",\"item\":\"https:\\\/\\\/yakobo.de\\\/\"},{\"@type\":\"ListItem\",\"position\":2,\"name\":\"Eine kleine Gabe f\u00fcr den K\u00fcnstler\"}]},{\"@type\":\"WebSite\",\"@id\":\"https:\\\/\\\/yakobo.de\\\/#website\",\"url\":\"https:\\\/\\\/yakobo.de\\\/\",\"name\":\"yakobo.de\",\"description\":\"Kurzgeschichten, Gedichte, Fotografie, Musik und Autobiografisches von und \u00fcber Kay Fiedler\",\"potentialAction\":[{\"@type\":\"SearchAction\",\"target\":{\"@type\":\"EntryPoint\",\"urlTemplate\":\"https:\\\/\\\/yakobo.de\\\/?s={search_term_string}\"},\"query-input\":{\"@type\":\"PropertyValueSpecification\",\"valueRequired\":true,\"valueName\":\"search_term_string\"}}],\"inLanguage\":\"de\"}]}<\/script>\n<!-- \/ Yoast SEO plugin. -->","yoast_head_json":{"title":"Eine kleine Gabe f\u00fcr den K\u00fcnstler - yakobo.de","robots":{"index":"index","follow":"follow","max-snippet":"max-snippet:-1","max-image-preview":"max-image-preview:large","max-video-preview":"max-video-preview:-1"},"canonical":"https:\/\/yakobo.de\/?page_id=708","og_locale":"de_DE","og_type":"article","og_title":"Eine kleine Gabe f\u00fcr den K\u00fcnstler - yakobo.de","og_description":"Sie hatten Kurzweil, f\u00fchlen sich fr\u00f6hlich oder mental ber\u00fchrt? Dann w\u00fcrde ich mich \u00fcber jeden Euro freuen, den Sie mir als kleines Dankesch\u00f6n entgegen bringen! https:\/\/PayPal.Me\/yakobo","og_url":"https:\/\/yakobo.de\/?page_id=708","og_site_name":"yakobo.de","article_modified_time":"2015-09-25T07:21:37+00:00","twitter_card":"summary_large_image","schema":{"@context":"https:\/\/schema.org","@graph":[{"@type":"WebPage","@id":"https:\/\/yakobo.de\/?page_id=708","url":"https:\/\/yakobo.de\/?page_id=708","name":"Eine kleine Gabe f\u00fcr den K\u00fcnstler - yakobo.de","isPartOf":{"@id":"https:\/\/yakobo.de\/#website"},"datePublished":"2014-04-17T13:45:19+00:00","dateModified":"2015-09-25T07:21:37+00:00","breadcrumb":{"@id":"https:\/\/yakobo.de\/?page_id=708#breadcrumb"},"inLanguage":"de","potentialAction":[{"@type":"ReadAction","target":["https:\/\/yakobo.de\/?page_id=708"]}]},{"@type":"BreadcrumbList","@id":"https:\/\/yakobo.de\/?page_id=708#breadcrumb","itemListElement":[{"@type":"ListItem","position":1,"name":"Startseite","item":"https:\/\/yakobo.de\/"},{"@type":"ListItem","position":2,"name":"Eine kleine Gabe f\u00fcr den K\u00fcnstler"}]},{"@type":"WebSite","@id":"https:\/\/yakobo.de\/#website","url":"https:\/\/yakobo.de\/","name":"yakobo.de","description":"Kurzgeschichten, Gedichte, Fotografie, Musik und Autobiografisches von und \u00fcber Kay Fiedler","potentialAction":[{"@type":"SearchAction","target":{"@type":"EntryPoint","urlTemplate":"https:\/\/yakobo.de\/?s={search_term_string}"},"query-input":{"@type":"PropertyValueSpecification","valueRequired":true,"valueName":"search_term_string"}}],"inLanguage":"de"}]}},"jetpack_sharing_enabled":true,"jetpack_shortlink":"https:\/\/wp.me\/P63HpB-bq","_links":{"self":[{"href":"https:\/\/yakobo.de\/index.php?rest_route=\/wp\/v2\/pages\/708","targetHints":{"allow":["GET"]}}],"collection":[{"href":"https:\/\/yakobo.de\/index.php?rest_route=\/wp\/v2\/pages"}],"about":[{"href":"https:\/\/yakobo.de\/index.php?rest_route=\/wp\/v2\/types\/page"}],"author":[{"embeddable":true,"href":"https:\/\/yakobo.de\/index.php?rest_route=\/wp\/v2\/users\/1"}],"replies":[{"embeddable":true,"href":"https:\/\/yakobo.de\/index.php?rest_route=%2Fwp%2Fv2%2Fcomments&post=708"}],"version-history":[{"count":0,"href":"https:\/\/yakobo.de\/index.php?rest_route=\/wp\/v2\/pages\/708\/revisions"}],"wp:attachment":[{"href":"https:\/\/yakobo.de\/index.php?rest_route=%2Fwp%2Fv2%2Fmedia&parent=708"}],"wp:term":[{"taxonomy":"post_tag","embeddable":true,"href":"https:\/\/yakobo.de\/index.php?rest_route=%2Fwp%2Fv2%2Ftags&post=708"}],"curies":[{"name":"wp","href":"https:\/\/api.w.org\/{rel}","templated":true}]}}