{"id":18,"date":"2013-08-18T18:22:42","date_gmt":"2013-08-18T18:22:42","guid":{"rendered":"http:\/\/yakreldeif.wordpress.com\/?page_id=1"},"modified":"2025-10-29T08:30:16","modified_gmt":"2025-10-29T07:30:16","slug":"about","status":"publish","type":"page","link":"https:\/\/yakobo.de\/?page_id=18","title":{"rendered":"\u00dcber mich"},"content":{"rendered":"<h2>Wer steckt hinter Yakobo?<\/h2>\n<p>Kay Fiedler, geb. am 28.11.70 in Hamburg-Altona<br \/>\nSternzeichen Sch\u00fctze &#8211; Aszendent Stier<br \/>\n188 cm gro\u00df und 101 kg schwer<br \/>\n(Stand 12\/2019).<\/p>\n<h3>Was bedeutet der Name Yakobo?<\/h3>\n<p>Yakobo ist mein \u00e4ltester Nickname. Viele meiner Freunde machten sich Gedanken \u00fcber den Namen:<\/p>\n<p>MCE (Mike Martens) und XiluKarim (Matthias Fellbrich) dachten, dass es eine Anlehnung an das alte Rock&#8217;N&#8217;Roll-St\u00fcck Yakety Yak w\u00e4re. Die Deutung von OMD (Oliver Mark Dabelstein) fand ich da schon besser: Das Yak ist das heilige Nutztier der Tibeter, w\u00e4hrend Obo ein heiliger Ort im selben Landstrich ist. Das klingt zwar mystisch und unheimlich, aber ist leider auch purer Zufall.<\/p>\n<p>Die Wahrheit ist nicht ganz simpel: Ich liebte es schon immer, Namen r\u00fcckw\u00e4rts zu schreiben. So hie\u00df ab 1983 mein Nick in den Spielhallen kurz YAK.<\/p>\n<p>Und dann gab es auf dem Commodore 64 das Ballerspiel Falcon Patrol II. Es bot un\u00fcblicherweise eine Hiscore-Liste mit sechs Buchstaben statt der normalen drei. Also erweiterte ich den Nick um einen Teil meines Lieblingscharakters aus Star Wars: Obi-Wan Kenobi. So nannte ich mich von 1985-86 Yakobi.<\/p>\n<p>Da sich Yakobi aber so klein anh\u00f6rte, \u00e4nderte ich es 1987 auf Yakobo. In der Pinneberger Crack- und Swappingszene wurde die <strong>YAKOBO YAK CRACKING CREW (YCC)<\/strong> eine feste Gr\u00f6\u00dfe, die dann zu Amiga-Zeiten von den <strong>YAGIMA WORKS 90 (YW90)<\/strong> abgel\u00f6st wurde. Aber diese Zeiten sind l\u00e4ngst vorbei. Wir cracken und swappen schon lange nicht mehr, nur unsere Nicks haben \u00fcberlebt.<\/p>\n<p>1990 startete Yakobo dann als DSA-Hexer durch. Er brachte es in unz\u00e4hligen Abenteuern, &#8222;NUR?&#8220; werden einige sagen, bis zur 16. Stufe und ist jetzt nur noch Meisterperson.<\/p>\n<p>\u00dcber das Rollenspiel, diverse Anschl\u00e4ge auf meine Gesundheit und meine erste feste Beziehung fand ich 1998 auch zur\u00fcck zu den schon tief im Unterbewusstsein vergrabenen Erlebnissen, Ph\u00e4nomenen und F\u00e4higkeiten f\u00fcr die ich mich damals eher sch\u00e4mte, da ich sie f\u00fcr abnorm hielt, bzw. ich niemanden fand mit dem ich \u00fcber meine Erlebnisse reden konnte. Heute wei\u00df ich aber, dass ich nicht allein auf dieser Suche nach einer Erkl\u00e4rung f\u00fcr diese Kr\u00e4fte bin. Ebenso bin ich nicht der einzige der zumindest Teilaspekte des R\u00e4tsels erkannt hat und sich mit anderen Suchenden und Wissenden austauscht. Auch auf diesen magischen Pfaden durchs Internet bin ich Yakobo.<\/p>\n<p>Als ich um 2000 herum die www.Yakobo.de reserviert hatte und mich allgemein im Netz umsah, gab es au\u00dfer mir nur ZWEI Eintr\u00e4ge, die auf Yakobo als real existierenden Namen hinwiesen: Ein Eintrag geh\u00f6rte einem heiligen Mann in Afrika, mit dem Beisatz, dass der Name \u00fcbersetzt soviel wie Jakob hie\u00dfe &#8211; und ein Beitrag in einer Sprache, deren Zeichen weder r\u00f6misch noch kyrillisch waren.<\/p>\n<p>Ich war also schon ziemlich einzeln&#8230; Inzwischen ist es fast unm\u00f6glich, sich auf neuen Seiten anzumelden, ohne dass der Nick YAKOBO bereits vergeben ist. Eine Band hat sich YAKOBO genannt und auch sonst falle ich laufend \u00fcber meinen Nick, ohne dass ich etwas damit zu tun habe. Aber&#8230;<\/p>\n<p>Ich war immer noch der Pionier! &#8230; Schwacher Trost!<\/p>\n<p>Zum Thema Zauber-Mailingliste noch eine Anmerkung: Ich habe wiederholt den Titel &#8222;Meister Yakobo&#8220; f\u00fcr meine Ausf\u00fchrungen und magischen Ansichten verliehen bekommen. Es ehrt mich, wenn magische Kollegen mich zitieren und meinen Namen erw\u00e4hnen. Dennoch bin ich mir nicht sicher einen solchen Titel, au\u00dfer im Rollenspiel nat\u00fcrlich, verdient zu haben. Meine Weisheit resultiert einfach durch die Gedanken die ich mir machte wenn mal wieder alles schief lief, wenn ich mir ein Fehl geleistet habe. Nur durch Fehler lernt der Mensch, aber ein so von Fehlern durchsetzter Mensch wie ich ist meines Erachtens kein &#8222;Meister&#8220;. So verstehe ich es vielleicht nur meisterhaft meine Fehler zu \u00fcberspielen, bzw. sie erneut in Energie umzusetzen, dank der ich nach jedem Zusammenbruch wieder um so st\u00e4rker aufsteige. Zudem bin ich immer noch auf der Suche nach den fehlenden Puzzleteilen. So werde ich wohl auf ewig eher ein Adept denn ein Meister sein, auch wenn diese Ehrungen mir zeigen, dass ich auf dem richtigen Weg bin. Ich danke Euch!<\/p>\n<p>Euer Yakobo<\/p>\n<h3>Wie entstand der Name Heco van Doune?<\/h3>\n<p>Im Rollenspiel immer nur den Hexer Yakobo zu spielen, kann auf Dauer auch etwas eint\u00f6nig werden, gerade wenn man mal nicht den weltgewandten erfahrenen und somit auch vorsichtigen Charakter spielen m\u00f6chte. Der Schelm Heco sollte mir die M\u00f6glichkeit geben, Aventurien noch einmal mit den Augen eines Kindes neu zu entdecken, nichts und niemanden wirklich Ernst zu nehmen, solange dieser &#8222;niemand&#8220; sich diesen Respekt nicht verdient hat. Die Narrenfreiheit dieses Charakters ist inzwischen in unserer Gruppe ebenso ber\u00fcchtigt wie Yakobo&#8217;s Zorn. Vielleicht liegt es daran, dass ich hier vollends sarkastisch und gleichzeitig Rebell sein darf.<\/p>\n<p>Hier ein Nachruf f\u00fcr all jene Helden, die dem m\u00e4chtigen Schlag des siebten Gezeichneten nicht \u00fcberlebt haben: Ich w\u00fcnschte ihr w\u00e4ret neben mir, h\u00e4ttet mein Gl\u00fcck geteilt und am Leben. Ich, der ich auf mein Ende vorbereitet war, der seinen Frieden mit Tsa fand und dem ein Kind geschenkt wurde. Dies soll ein neuer Anfang werden, ganz im Sinne von Tsa. So soll all jenes, welches ich durch Euch erfuhr in die Erziehung meines Kindes einflie\u00dfen. Es soll wissen, wer ihr wart und wof\u00fcr wir gemeinsam gestritten haben. Wohlan denn, eines Tages &#8211; m\u00f6gen es die Zw\u00f6lfe geben &#8211; sehen wir uns wieder!<\/p>\n<p>Der Name <strong>Heco van Doune<\/strong> basiert auf einer v\u00f6lligen Einfallslosigkeit, die nur durch unseren Krieger <strong>Bonaqua<\/strong> getoppt wurde (= unkaputtbar). Ich suchte nach dem passenden Namen, w\u00e4hrend mein Besuch meinte, dass meine Musikboxen ganz sch\u00f6n dr\u00f6hnen w\u00fcrden, der Bass w\u00fcrde dounen. ich las den Namen der Boxenfirma &#8222;HeCo&#8220;, &#8230; Heco der dount, &#8230; Heco van Doune!<\/p>\n<p>Einige meiner Fotos findet man auch hier:<\/p>\n<p><a title=\"Fotocommunity\" href=\"http:\/\/www.fotocommunity.de\/fotograf\/kay-fiedler\/510414\">http:\/\/www.fotocommunity.de\/fotograf\/kay-fiedler\/510414<\/a><\/p>\n<p>Hier kann man f\u00fcr mich ein kleines Honorar f\u00fcr ein wenig Kurzweil hinterlegen (Vielen Dank im voraus!):<\/p>\n<p><img decoding=\"async\" src=\"https:\/\/www.paypal.com\/en_US\/i\/btn\/btn_donateCC_LG.gif\" alt=\"Donate Button with Credit Cards\" \/><\/p>\n","protected":false},"excerpt":{"rendered":"<p>Wer steckt hinter Yakobo? Kay Fiedler, geb. am 28.11.70 in Hamburg-Altona Sternzeichen Sch\u00fctze &#8211; Aszendent Stier 188 cm gro\u00df und 101 kg schwer (Stand 12\/2019). Was bedeutet der Name Yakobo? Yakobo ist mein \u00e4ltester Nickname. Viele meiner Freunde machten sich Gedanken \u00fcber den Namen: MCE (Mike Martens) und XiluKarim (Matthias Fellbrich) dachten, dass es eine [&hellip;]<\/p>\n","protected":false},"author":1,"featured_media":546,"parent":0,"menu_order":0,"comment_status":"open","ping_status":"open","template":"","meta":{"jetpack_post_was_ever_published":false,"footnotes":""},"tags":[],"class_list":["post-18","page","type-page","status-publish","has-post-thumbnail","hentry"],"yoast_head":"<!-- This site is optimized with the Yoast SEO plugin v27.5 - https:\/\/yoast.com\/product\/yoast-seo-wordpress\/ -->\n<title>\u00dcber mich - yakobo.de<\/title>\n<meta name=\"robots\" content=\"index, follow, max-snippet:-1, max-image-preview:large, max-video-preview:-1\" \/>\n<link rel=\"canonical\" href=\"https:\/\/yakobo.de\/?page_id=18\" \/>\n<meta property=\"og:locale\" content=\"de_DE\" \/>\n<meta property=\"og:type\" content=\"article\" \/>\n<meta property=\"og:title\" content=\"\u00dcber mich - yakobo.de\" \/>\n<meta property=\"og:description\" content=\"Wer steckt hinter Yakobo? Kay Fiedler, geb. am 28.11.70 in Hamburg-Altona Sternzeichen Sch\u00fctze &#8211; Aszendent Stier 188 cm gro\u00df und 101 kg schwer (Stand 12\/2019). Was bedeutet der Name Yakobo? Yakobo ist mein \u00e4ltester Nickname. Viele meiner Freunde machten sich Gedanken \u00fcber den Namen: MCE (Mike Martens) und XiluKarim (Matthias Fellbrich) dachten, dass es eine [&hellip;]\" \/>\n<meta property=\"og:url\" content=\"https:\/\/yakobo.de\/?page_id=18\" \/>\n<meta property=\"og:site_name\" content=\"yakobo.de\" \/>\n<meta property=\"article:modified_time\" content=\"2025-10-29T07:30:16+00:00\" \/>\n<meta property=\"og:image\" content=\"https:\/\/yakobo.de\/wp-content\/uploads\/2013\/09\/20130904-153624.jpg\" \/>\n\t<meta property=\"og:image:width\" content=\"1024\" \/>\n\t<meta property=\"og:image:height\" content=\"621\" \/>\n\t<meta property=\"og:image:type\" content=\"image\/jpeg\" \/>\n<meta name=\"twitter:card\" content=\"summary_large_image\" \/>\n<meta name=\"twitter:label1\" content=\"Gesch\u00e4tzte Lesezeit\" \/>\n\t<meta name=\"twitter:data1\" content=\"6\u00a0Minuten\" \/>\n<script type=\"application\/ld+json\" class=\"yoast-schema-graph\">{\"@context\":\"https:\\\/\\\/schema.org\",\"@graph\":[{\"@type\":\"WebPage\",\"@id\":\"https:\\\/\\\/yakobo.de\\\/?page_id=18\",\"url\":\"https:\\\/\\\/yakobo.de\\\/?page_id=18\",\"name\":\"\u00dcber mich - yakobo.de\",\"isPartOf\":{\"@id\":\"https:\\\/\\\/yakobo.de\\\/#website\"},\"primaryImageOfPage\":{\"@id\":\"https:\\\/\\\/yakobo.de\\\/?page_id=18#primaryimage\"},\"image\":{\"@id\":\"https:\\\/\\\/yakobo.de\\\/?page_id=18#primaryimage\"},\"thumbnailUrl\":\"https:\\\/\\\/yakobo.de\\\/wp-content\\\/uploads\\\/2013\\\/09\\\/20130904-153624.jpg\",\"datePublished\":\"2013-08-18T18:22:42+00:00\",\"dateModified\":\"2025-10-29T07:30:16+00:00\",\"breadcrumb\":{\"@id\":\"https:\\\/\\\/yakobo.de\\\/?page_id=18#breadcrumb\"},\"inLanguage\":\"de\",\"potentialAction\":[{\"@type\":\"ReadAction\",\"target\":[\"https:\\\/\\\/yakobo.de\\\/?page_id=18\"]}]},{\"@type\":\"ImageObject\",\"inLanguage\":\"de\",\"@id\":\"https:\\\/\\\/yakobo.de\\\/?page_id=18#primaryimage\",\"url\":\"https:\\\/\\\/yakobo.de\\\/wp-content\\\/uploads\\\/2013\\\/09\\\/20130904-153624.jpg\",\"contentUrl\":\"https:\\\/\\\/yakobo.de\\\/wp-content\\\/uploads\\\/2013\\\/09\\\/20130904-153624.jpg\",\"width\":1024,\"height\":621,\"caption\":\"Masserberg, Aussichtsplattform, iSplit\"},{\"@type\":\"BreadcrumbList\",\"@id\":\"https:\\\/\\\/yakobo.de\\\/?page_id=18#breadcrumb\",\"itemListElement\":[{\"@type\":\"ListItem\",\"position\":1,\"name\":\"Startseite\",\"item\":\"https:\\\/\\\/yakobo.de\\\/\"},{\"@type\":\"ListItem\",\"position\":2,\"name\":\"\u00dcber mich\"}]},{\"@type\":\"WebSite\",\"@id\":\"https:\\\/\\\/yakobo.de\\\/#website\",\"url\":\"https:\\\/\\\/yakobo.de\\\/\",\"name\":\"yakobo.de\",\"description\":\"Kurzgeschichten, Gedichte, Fotografie, Musik und Autobiografisches von und \u00fcber Kay Fiedler\",\"potentialAction\":[{\"@type\":\"SearchAction\",\"target\":{\"@type\":\"EntryPoint\",\"urlTemplate\":\"https:\\\/\\\/yakobo.de\\\/?s={search_term_string}\"},\"query-input\":{\"@type\":\"PropertyValueSpecification\",\"valueRequired\":true,\"valueName\":\"search_term_string\"}}],\"inLanguage\":\"de\"}]}<\/script>\n<!-- \/ Yoast SEO plugin. -->","yoast_head_json":{"title":"\u00dcber mich - yakobo.de","robots":{"index":"index","follow":"follow","max-snippet":"max-snippet:-1","max-image-preview":"max-image-preview:large","max-video-preview":"max-video-preview:-1"},"canonical":"https:\/\/yakobo.de\/?page_id=18","og_locale":"de_DE","og_type":"article","og_title":"\u00dcber mich - yakobo.de","og_description":"Wer steckt hinter Yakobo? Kay Fiedler, geb. am 28.11.70 in Hamburg-Altona Sternzeichen Sch\u00fctze &#8211; Aszendent Stier 188 cm gro\u00df und 101 kg schwer (Stand 12\/2019). Was bedeutet der Name Yakobo? Yakobo ist mein \u00e4ltester Nickname. Viele meiner Freunde machten sich Gedanken \u00fcber den Namen: MCE (Mike Martens) und XiluKarim (Matthias Fellbrich) dachten, dass es eine [&hellip;]","og_url":"https:\/\/yakobo.de\/?page_id=18","og_site_name":"yakobo.de","article_modified_time":"2025-10-29T07:30:16+00:00","og_image":[{"width":1024,"height":621,"url":"https:\/\/yakobo.de\/wp-content\/uploads\/2013\/09\/20130904-153624.jpg","type":"image\/jpeg"}],"twitter_card":"summary_large_image","twitter_misc":{"Gesch\u00e4tzte Lesezeit":"6\u00a0Minuten"},"schema":{"@context":"https:\/\/schema.org","@graph":[{"@type":"WebPage","@id":"https:\/\/yakobo.de\/?page_id=18","url":"https:\/\/yakobo.de\/?page_id=18","name":"\u00dcber mich - yakobo.de","isPartOf":{"@id":"https:\/\/yakobo.de\/#website"},"primaryImageOfPage":{"@id":"https:\/\/yakobo.de\/?page_id=18#primaryimage"},"image":{"@id":"https:\/\/yakobo.de\/?page_id=18#primaryimage"},"thumbnailUrl":"https:\/\/yakobo.de\/wp-content\/uploads\/2013\/09\/20130904-153624.jpg","datePublished":"2013-08-18T18:22:42+00:00","dateModified":"2025-10-29T07:30:16+00:00","breadcrumb":{"@id":"https:\/\/yakobo.de\/?page_id=18#breadcrumb"},"inLanguage":"de","potentialAction":[{"@type":"ReadAction","target":["https:\/\/yakobo.de\/?page_id=18"]}]},{"@type":"ImageObject","inLanguage":"de","@id":"https:\/\/yakobo.de\/?page_id=18#primaryimage","url":"https:\/\/yakobo.de\/wp-content\/uploads\/2013\/09\/20130904-153624.jpg","contentUrl":"https:\/\/yakobo.de\/wp-content\/uploads\/2013\/09\/20130904-153624.jpg","width":1024,"height":621,"caption":"Masserberg, Aussichtsplattform, iSplit"},{"@type":"BreadcrumbList","@id":"https:\/\/yakobo.de\/?page_id=18#breadcrumb","itemListElement":[{"@type":"ListItem","position":1,"name":"Startseite","item":"https:\/\/yakobo.de\/"},{"@type":"ListItem","position":2,"name":"\u00dcber mich"}]},{"@type":"WebSite","@id":"https:\/\/yakobo.de\/#website","url":"https:\/\/yakobo.de\/","name":"yakobo.de","description":"Kurzgeschichten, Gedichte, Fotografie, Musik und Autobiografisches von und \u00fcber Kay Fiedler","potentialAction":[{"@type":"SearchAction","target":{"@type":"EntryPoint","urlTemplate":"https:\/\/yakobo.de\/?s={search_term_string}"},"query-input":{"@type":"PropertyValueSpecification","valueRequired":true,"valueName":"search_term_string"}}],"inLanguage":"de"}]}},"jetpack_sharing_enabled":true,"jetpack_shortlink":"https:\/\/wp.me\/P63HpB-i","_links":{"self":[{"href":"https:\/\/yakobo.de\/index.php?rest_route=\/wp\/v2\/pages\/18","targetHints":{"allow":["GET"]}}],"collection":[{"href":"https:\/\/yakobo.de\/index.php?rest_route=\/wp\/v2\/pages"}],"about":[{"href":"https:\/\/yakobo.de\/index.php?rest_route=\/wp\/v2\/types\/page"}],"author":[{"embeddable":true,"href":"https:\/\/yakobo.de\/index.php?rest_route=\/wp\/v2\/users\/1"}],"replies":[{"embeddable":true,"href":"https:\/\/yakobo.de\/index.php?rest_route=%2Fwp%2Fv2%2Fcomments&post=18"}],"version-history":[{"count":1,"href":"https:\/\/yakobo.de\/index.php?rest_route=\/wp\/v2\/pages\/18\/revisions"}],"predecessor-version":[{"id":6289,"href":"https:\/\/yakobo.de\/index.php?rest_route=\/wp\/v2\/pages\/18\/revisions\/6289"}],"wp:featuredmedia":[{"embeddable":true,"href":"https:\/\/yakobo.de\/index.php?rest_route=\/wp\/v2\/media\/546"}],"wp:attachment":[{"href":"https:\/\/yakobo.de\/index.php?rest_route=%2Fwp%2Fv2%2Fmedia&parent=18"}],"wp:term":[{"taxonomy":"post_tag","embeddable":true,"href":"https:\/\/yakobo.de\/index.php?rest_route=%2Fwp%2Fv2%2Ftags&post=18"}],"curies":[{"name":"wp","href":"https:\/\/api.w.org\/{rel}","templated":true}]}}